{"id":6277,"date":"2022-03-10T09:30:34","date_gmt":"2022-03-10T08:30:34","guid":{"rendered":"https:\/\/www.calvados-boulard.com\/?page_id=6277"},"modified":"2025-06-24T15:51:25","modified_gmt":"2025-06-24T13:51:25","slug":"contact","status":"publish","type":"page","link":"https:\/\/www.calvados-boulard.com\/ru\/contact\/","title":{"rendered":"Contact"},"content":{"rendered":"<section class=\"l-section wpb_row us_custom_19737bc8 height_medium full_height valign_bottom\"><div class=\"l-section-h i-cf\"><div class=\"g-cols vc_row via_flex valign_top type_default stacking_default\"><div class=\"vc_col-sm-6 wpb_column vc_column_container\"><div class=\"vc_column-inner us_custom_55959f0f\"><div class=\"wpb_wrapper\"><div class=\"g-cols wpb_row via_flex valign_top type_default stacking_default\"><div class=\"vc_col-sm-12 wpb_column vc_column_container\"><div class=\"vc_column-inner us_custom_4a593b65 us_animate_this\"><div class=\"wpb_wrapper\"><div class=\"wpb_text_column\"><div class=\"wpb_wrapper\"><p>[vc_custom_heading text=&#187;\u041a\u041e\u041d\u0422\u0410\u041a\u0422\u041d\u0410\u042f \u0418\u041d\u0424\u041e\u0420\u041c\u0410\u0426\u0418\u042f&#187; use_theme_fonts=&#187;yes&#187; css=&#187;%7B%22default%22%3A%7B%22margin-left%22%3A%222em%22%7D%2C%22tablets%22%3A%7B%22margin-left%22%3A%222em%22%7D%2C%22mobiles%22%3A%7B%22text-align%22%3A%22center%22%2C%22margin-left%22%3A%220%22%7D%7D&#187;]<\/p>\n<\/div><\/div><\/div><\/div><\/div><\/div><div class=\"g-cols wpb_row via_flex valign_top type_default stacking_default\"><div class=\"vc_col-sm-12 wpb_column vc_column_container\"><div class=\"vc_column-inner us_custom_47d40b1d us_animate_this\"><div class=\"wpb_wrapper\"><div class=\"w-separator size_large\"><\/div><div class=\"w-image us_custom_422bfc10 align_center\"><div class=\"w-image-h\"><img decoding=\"async\" width=\"564\" height=\"600\" src=\"https:\/\/www.calvados-boulard.com\/wp-content\/uploads\/2020\/10\/calvados-boulard-pub.png\" class=\"attachment-us_800_600 size-us_800_600\" alt=\"\" loading=\"lazy\" srcset=\"https:\/\/www.calvados-boulard.com\/wp-content\/uploads\/2020\/10\/calvados-boulard-pub.png 282w, https:\/\/www.calvados-boulard.com\/wp-content\/uploads\/2020\/10\/calvados-boulard-pub.png 188w, https:\/\/www.calvados-boulard.com\/wp-content\/uploads\/2020\/10\/calvados-boulard-pub.png 47w, https:\/\/www.calvados-boulard.com\/wp-content\/uploads\/2020\/10\/calvados-boulard-pub.png 376w, https:\/\/www.calvados-boulard.com\/wp-content\/uploads\/2020\/10\/calvados-boulard-pub.png 235w, https:\/\/www.calvados-boulard.com\/wp-content\/uploads\/2020\/10\/calvados-boulard-pub.png 94w, https:\/\/www.calvados-boulard.com\/wp-content\/uploads\/2020\/10\/calvados-boulard-pub.png 564w, https:\/\/www.calvados-boulard.com\/wp-content\/uploads\/2020\/10\/calvados-boulard-pub.png 600w, https:\/\/www.calvados-boulard.com\/wp-content\/uploads\/2020\/10\/calvados-boulard-pub.png 752w, https:\/\/www.calvados-boulard.com\/wp-content\/uploads\/2020\/10\/calvados-boulard-pub.png 801w\" sizes=\"auto, (max-width: 564px) 100vw, 564px\" \/><\/div><\/div><\/div><\/div><\/div><\/div><\/div><\/div><\/div><div class=\"vc_col-sm-6 wpb_column vc_column_container\"><div class=\"vc_column-inner us_custom_a518f36e us_animate_this\"><div class=\"wpb_wrapper\"><div class=\"wpb_text_column\"><div class=\"wpb_wrapper\"><div class='fluentform ff-default fluentform_wrapper_3 ffs_custom_wrap'><form data-form_id=\"3\" id=\"fluentform_3\" class=\"frm-fluent-form fluent_form_3 ff-el-form-top ff_form_instance_3_1 ff-form-loading ff_has_v3_recptcha ffs_custom\" data-form_instance=\"ff_form_instance_3_1\" method=\"POST\" data-recptcha_key=\"6LeE8GsrAAAAAMFPbmSUkax9EPKzpxnch5rOOaXQ\" ><fieldset  style=\"border: none!important;margin: 0!important;padding: 0!important;background-color: transparent!important;box-shadow: none!important;outline: none!important; min-inline-size: 100%;\">\n                    <legend class=\"ff_screen_reader_title\" style=\"display: block; margin: 0!important;padding: 0!important;height: 0!important;text-indent: -999999px;width: 0!important;overflow:hidden;\">Contact RU<\/legend><input type='hidden' name='__fluent_form_embded_post_id' value='6277' \/><input type=\"hidden\" id=\"_fluentform_3_fluentformnonce\" name=\"_fluentform_3_fluentformnonce\" value=\"2b473f4de1\" \/><input type=\"hidden\" name=\"_wp_http_referer\" value=\"\/ru\/wp-json\/wp\/v2\/pages\/6277\" \/><div data-name=\"ff_cn_id_1\"  class='ff-t-container ff-column-container ff_columns_total_2 '><div class='ff-t-cell ff-t-column-1' style='flex-basis: 50%;'><div class='ff-el-group ff-el-form-hide_label'><div class=\"ff-el-input--label asterisk-right\"><label for='ff_3_nom' id='label_ff_3_nom' aria-label=\"Nom\">Nom<\/label><\/div><div class='ff-el-input--content'><input type=\"text\" name=\"nom\" class=\"ff-el-form-control\" placeholder=\"\u0424\u0410\u041c\u0418\u041b\u0418\u042f\" data-name=\"nom\" id=\"ff_3_nom\"  aria-invalid=\"false\" aria-required=false><\/div><\/div><div class='ff-el-group ff-el-form-hide_label'><div class=\"ff-el-input--label asterisk-right\"><label for='ff_3_prenom' id='label_ff_3_prenom' aria-label=\"Pr\u00e9nom\">Pr\u00e9nom<\/label><\/div><div class='ff-el-input--content'><input type=\"text\" name=\"prenom\" class=\"ff-el-form-control\" placeholder=\"\u0410\u0414\u0420\u0415\u0421 \u042d\u041b\u0415\u041a\u0422\u0420\u041e\u041d\u041d\u041e\u0419 \u041f\u041e\u0427\u0422\u042b\" data-name=\"prenom\" id=\"ff_3_prenom\"  aria-invalid=\"false\" aria-required=false><\/div><\/div><\/div><div class='ff-t-cell ff-t-column-2' style='flex-basis: 50%;'><div class='ff-el-group ff-el-form-hide_label'><div class=\"ff-el-input--label asterisk-right\"><label for='ff_3_telephone' id='label_ff_3_telephone' aria-label=\"T\u00e9l\u00e9phone\">T\u00e9l\u00e9phone<\/label><\/div><div class='ff-el-input--content'><input type=\"text\" name=\"telephone\" class=\"ff-el-form-control\" placeholder=\"\u0418\u041c\u042f\" data-name=\"telephone\" id=\"ff_3_telephone\"  aria-invalid=\"false\" aria-required=false><\/div><\/div><div class='ff-el-group ff-el-form-hide_label'><div class=\"ff-el-input--label asterisk-right\"><label for='ff_3_email' id='label_ff_3_email' aria-label=\"E-mail\">E-mail<\/label><\/div><div class='ff-el-input--content'><input type=\"email\" name=\"email\" id=\"ff_3_email\" class=\"ff-el-form-control\" placeholder=\"\u0422\u0415\u041b\u0415\u0424\u041e\u041d\" data-name=\"email\"  aria-invalid=\"false\" aria-required=false><\/div><\/div><\/div><\/div><div class='ff-el-group ff-el-form-hide_label'><div class=\"ff-el-input--label asterisk-right\"><label for='ff_3_message' id='label_ff_3_message' aria-label=\"Message\">Message<\/label><\/div><div class='ff-el-input--content'><textarea aria-required=\"false\" aria-labelledby=\"label_ff_3_message\" name=\"message\" id=\"ff_3_message\" class=\"ff-el-form-control\" placeholder=\"\u0432\u0430\u0448\u0435 \u0441\u043e\u043e\u0431\u0449\u0435\u043d\u0438\u0435\" rows=\"3\" cols=\"2\" data-name=\"message\" ><\/textarea><\/div><\/div><div class='ff-el-group    ff-el-input--content'><div class='ff-el-form-check ff-el-tc'><label aria-label='\u042f \u0441\u043e\u0433\u043b\u0430\u0441\u0435\u043d \u043d\u0430 \u043f\u0435\u0440\u0435\u0434\u0430\u0447\u0443 \u043c\u043e\u0438\u0445 \u0434\u0430\u043d\u043d\u044b\u0445 \u0432 \u0441\u043e\u043e\u0442\u0432\u0435\u0442\u0441\u0442\u0432\u0438\u0438 \u0441 \u041f\u043e\u043b\u0438\u0442\u0438\u043a\u043e\u0439 \u043a\u043e\u043d\u0444\u0438\u0434\u0435\u043d\u0446\u0438\u0430\u043b\u044c\u043d\u043e\u0441\u0442\u0438' class='ff-el-form-check-label ff_tc_label' for=terms-n-condition_38b045467dca42dba2c5133baae5335a><span class='ff_tc_checkbox'><input type=\"checkbox\" name=\"terms-n-condition\" class=\"ff-el-form-check-input\" data-name=\"terms-n-condition\" id=\"terms-n-condition_38b045467dca42dba2c5133baae5335a\"  value='on' aria-invalid='false' aria-required=false><\/span> <div class='ff_t_c'><p>\u042f \u0441\u043e\u0433\u043b\u0430\u0441\u0435\u043d \u043d\u0430 \u043f\u0435\u0440\u0435\u0434\u0430\u0447\u0443 \u043c\u043e\u0438\u0445 \u0434\u0430\u043d\u043d\u044b\u0445 \u0432 \u0441\u043e\u043e\u0442\u0432\u0435\u0442\u0441\u0442\u0432\u0438\u0438 \u0441 \u041f\u043e\u043b\u0438\u0442\u0438\u043a\u043e\u0439 \u043a\u043e\u043d\u0444\u0438\u0434\u0435\u043d\u0446\u0438\u0430\u043b\u044c\u043d\u043e\u0441\u0442\u0438<\/p><\/div><\/label><\/div><\/div><div class='ff-el-group ff-text-left ff_submit_btn_wrapper'><button type=\"submit\" class=\"ff-btn ff-btn-submit ff-btn-md ff_btn_style wpf_has_custom_css\"  aria-label=\"\u043f\u0440\u0438\u0441\u043b\u0430\u0442\u044c\">\u043f\u0440\u0438\u0441\u043b\u0430\u0442\u044c<\/button><\/div><\/fieldset><\/form><div id='fluentform_3_errors' class='ff-errors-in-stack ff_form_instance_3_1 ff-form-loading_errors ff_form_instance_3_1_errors'><\/div><\/div>            <script type=\"text\/javascript\">\n                window.fluent_form_ff_form_instance_3_1 = {\"id\":\"3\",\"ajaxUrl\":\"https:\\\/\\\/www.calvados-boulard.com\\\/wp-admin\\\/admin-ajax.php\",\"settings\":{\"layout\":{\"labelPlacement\":\"top\",\"asteriskPlacement\":\"asterisk-right\",\"helpMessagePlacement\":\"with_label\",\"errorMessagePlacement\":\"inline\",\"cssClassName\":\"\"},\"restrictions\":{\"denyEmptySubmission\":{\"enabled\":false}}},\"form_instance\":\"ff_form_instance_3_1\",\"form_id_selector\":\"fluentform_3\",\"rules\":{\"nom\":{\"required\":{\"value\":false,\"message\":\"\\u041e\\u0431\\u044f\\u0437\\u0430\\u0442\\u0435\\u043b\\u044c\\u043d\\u043e\\u0435 \\u043f\\u043e\\u043b\\u0435\",\"global_message\":\"\\u041e\\u0431\\u044f\\u0437\\u0430\\u0442\\u0435\\u043b\\u044c\\u043d\\u043e\\u0435 \\u043f\\u043e\\u043b\\u0435\",\"global\":true}},\"prenom\":{\"required\":{\"value\":false,\"message\":\"\\u041e\\u0431\\u044f\\u0437\\u0430\\u0442\\u0435\\u043b\\u044c\\u043d\\u043e\\u0435 \\u043f\\u043e\\u043b\\u0435\",\"global_message\":\"\\u041e\\u0431\\u044f\\u0437\\u0430\\u0442\\u0435\\u043b\\u044c\\u043d\\u043e\\u0435 \\u043f\\u043e\\u043b\\u0435\",\"global\":true}},\"telephone\":{\"required\":{\"value\":false,\"message\":\"\\u041e\\u0431\\u044f\\u0437\\u0430\\u0442\\u0435\\u043b\\u044c\\u043d\\u043e\\u0435 \\u043f\\u043e\\u043b\\u0435\",\"global_message\":\"\\u041e\\u0431\\u044f\\u0437\\u0430\\u0442\\u0435\\u043b\\u044c\\u043d\\u043e\\u0435 \\u043f\\u043e\\u043b\\u0435\",\"global\":true}},\"email\":{\"required\":{\"value\":false,\"message\":\"\\u041e\\u0431\\u044f\\u0437\\u0430\\u0442\\u0435\\u043b\\u044c\\u043d\\u043e\\u0435 \\u043f\\u043e\\u043b\\u0435\",\"global_message\":\"\\u041e\\u0431\\u044f\\u0437\\u0430\\u0442\\u0435\\u043b\\u044c\\u043d\\u043e\\u0435 \\u043f\\u043e\\u043b\\u0435\",\"global\":true},\"email\":{\"value\":true,\"message\":\"\\u042d\\u0442\\u043e \\u043f\\u043e\\u043b\\u0435 \\u0434\\u043e\\u043b\\u0436\\u043d\\u043e \\u0441\\u043e\\u0434\\u0435\\u0440\\u0436\\u0430\\u0442\\u044c \\u0434\\u0435\\u0439\\u0441\\u0442\\u0432\\u0438\\u0442\\u0435\\u043b\\u044c\\u043d\\u044b\\u0439 \\u0430\\u0434\\u0440\\u0435\\u0441 \\u044d\\u043b\\u0435\\u043a\\u0442\\u0440\\u043e\\u043d\\u043d\\u043e\\u0439 \\u043f\\u043e\\u0447\\u0442\\u044b\",\"global_message\":\"\\u042d\\u0442\\u043e \\u043f\\u043e\\u043b\\u0435 \\u0434\\u043e\\u043b\\u0436\\u043d\\u043e \\u0441\\u043e\\u0434\\u0435\\u0440\\u0436\\u0430\\u0442\\u044c \\u0434\\u0435\\u0439\\u0441\\u0442\\u0432\\u0438\\u0442\\u0435\\u043b\\u044c\\u043d\\u044b\\u0439 \\u0430\\u0434\\u0440\\u0435\\u0441 \\u044d\\u043b\\u0435\\u043a\\u0442\\u0440\\u043e\\u043d\\u043d\\u043e\\u0439 \\u043f\\u043e\\u0447\\u0442\\u044b\",\"global\":true}},\"message\":{\"required\":{\"value\":false,\"message\":\"\\u041e\\u0431\\u044f\\u0437\\u0430\\u0442\\u0435\\u043b\\u044c\\u043d\\u043e\\u0435 \\u043f\\u043e\\u043b\\u0435\",\"global_message\":\"\\u041e\\u0431\\u044f\\u0437\\u0430\\u0442\\u0435\\u043b\\u044c\\u043d\\u043e\\u0435 \\u043f\\u043e\\u043b\\u0435\",\"global\":true}},\"terms-n-condition\":{\"required\":{\"value\":false,\"message\":\"\\u041e\\u0431\\u044f\\u0437\\u0430\\u0442\\u0435\\u043b\\u044c\\u043d\\u043e\\u0435 \\u043f\\u043e\\u043b\\u0435\",\"global_message\":\"\\u041e\\u0431\\u044f\\u0437\\u0430\\u0442\\u0435\\u043b\\u044c\\u043d\\u043e\\u0435 \\u043f\\u043e\\u043b\\u0435\",\"global\":true}},\"g-recaptcha-response\":[]},\"debounce_time\":300};\n                            <\/script>\n            \n<\/div><\/div><div class=\"g-cols wpb_row via_flex valign_top type_default stacking_default\"><div class=\"vc_col-sm-12 wpb_column vc_column_container\"><div class=\"vc_column-inner us_custom_4a593b65 us_animate_this\"><div class=\"wpb_wrapper\"><div class=\"wpb_text_column\"><div class=\"wpb_wrapper\"><p>[vc_custom_heading text=&#187;Contact&#187; use_theme_fonts=&#187;yes&#187;]<\/p>\n<\/div><\/div><\/div><\/div><\/div><\/div><div class=\"g-cols wpb_row via_flex valign_top type_default stacking_default\"><div class=\"vc_col-sm-12 wpb_column vc_column_container\"><div class=\"vc_column-inner us_custom_f70d789f us_animate_this\"><div class=\"wpb_wrapper\"><div class=\"w-separator size_small\"><\/div><div class=\"wpb_text_column us_custom_330fa8bf\"><div class=\"wpb_wrapper\"><p style=\"text-align: left;\"><a href=\"https:\/\/goo.gl\/maps\/YzrtehtiECa1STcH7\" target=\"_blank\" rel=\"noopener noreferrer\">SPIRIT FRANCE DIFFUSION<br \/>\nRD 675, ZA DE REUX<br \/>\n14130 REUX<br \/>\nFrance m\u00e9tropolitaine<\/a><\/p>\n<\/div><\/div><\/div><\/div><\/div><\/div><div class=\"g-cols wpb_row via_flex valign_top type_default stacking_default\"><div class=\"vc_col-sm-12 wpb_column vc_column_container\"><div class=\"vc_column-inner us_custom_f70d789f us_animate_this\"><div class=\"wpb_wrapper\"><div class=\"w-separator size_small\"><\/div><div class=\"wpb_text_column us_custom_330fa8bf\"><div class=\"wpb_wrapper\"><p style=\"text-align: left;\">\u0422\u0415\u041b\u0415\u0424\u041e\u041d : <a href=\"tel:+33231641287\">+332 31 64 12 87<\/a><br \/>\n\u041f\u043e\u043d\u0435\u0434\u0435\u043b\u044c\u043d\u0438\u043a \u2014 \u043f\u044f\u0442\u043d\u0438\u0446\u0430 : 9.00 \u2014 12.30 \/ 14.00 \u2014 17.00<\/p>\n<\/div><\/div><div class=\"w-separator vc_hidden-lg vc_hidden-md size_medium\"><\/div><\/div><\/div><\/div><\/div><\/div><\/div><\/div><\/div><\/div><\/section>\n","protected":false},"excerpt":{"rendered":"[vc_custom_heading text=&#187;\u041a\u041e\u041d\u0422\u0410\u041a\u0422\u041d\u0410\u042f \u0418\u041d\u0424\u041e\u0420\u041c\u0410\u0426\u0418\u042f&#187; use_theme_fonts=&#187;yes&#187; css=&#187;%7B%22default%22%3A%7B%22margin-left%22%3A%222em%22%7D%2C%22tablets%22%3A%7B%22margin-left%22%3A%222em%22%7D%2C%22mobiles%22%3A%7B%22text-align%22%3A%22center%22%2C%22margin-left%22%3A%220%22%7D%7D&#187;] Contact RUNomPr\u00e9nomT\u00e9l\u00e9phoneE-mailMessage \u042f \u0441\u043e\u0433\u043b\u0430\u0441\u0435\u043d \u043d\u0430 \u043f\u0435\u0440\u0435\u0434\u0430\u0447\u0443 \u043c\u043e\u0438\u0445 \u0434\u0430\u043d\u043d\u044b\u0445 \u0432 \u0441\u043e\u043e\u0442\u0432\u0435\u0442\u0441\u0442\u0432\u0438\u0438 \u0441 \u041f\u043e\u043b\u0438\u0442\u0438\u043a\u043e\u0439 \u043a\u043e\u043d\u0444\u0438\u0434\u0435\u043d\u0446\u0438\u0430\u043b\u044c\u043d\u043e\u0441\u0442\u0438\u043f\u0440\u0438\u0441\u043b\u0430\u0442\u044c [vc_custom_heading text=&#187;Contact&#187; use_theme_fonts=&#187;yes&#187;] SPIRIT FRANCE DIFFUSION RD 675, ZA DE REUX 14130 REUX France m\u00e9tropolitaine \u0422\u0415\u041b\u0415\u0424\u041e\u041d : +332 31 64 12 87 \u041f\u043e\u043d\u0435\u0434\u0435\u043b\u044c\u043d\u0438\u043a \u2014 \u043f\u044f\u0442\u043d\u0438\u0446\u0430 : 9.00 \u2014 12.30 \/ 14.00 \u2014 17.00","protected":false},"author":10,"featured_media":3394,"parent":0,"menu_order":0,"comment_status":"closed","ping_status":"closed","template":"","meta":{"_acf_changed":false,"_seopress_robots_primary_cat":"","_seopress_titles_title":"","_seopress_titles_desc":"","_seopress_robots_index":"","footnotes":""},"class_list":["post-6277","page","type-page","status-publish","has-post-thumbnail"],"acf":[],"_links":{"self":[{"href":"https:\/\/www.calvados-boulard.com\/ru\/wp-json\/wp\/v2\/pages\/6277","targetHints":{"allow":["GET"]}}],"collection":[{"href":"https:\/\/www.calvados-boulard.com\/ru\/wp-json\/wp\/v2\/pages"}],"about":[{"href":"https:\/\/www.calvados-boulard.com\/ru\/wp-json\/wp\/v2\/types\/page"}],"author":[{"embeddable":true,"href":"https:\/\/www.calvados-boulard.com\/ru\/wp-json\/wp\/v2\/users\/10"}],"replies":[{"embeddable":true,"href":"https:\/\/www.calvados-boulard.com\/ru\/wp-json\/wp\/v2\/comments?post=6277"}],"version-history":[{"count":1,"href":"https:\/\/www.calvados-boulard.com\/ru\/wp-json\/wp\/v2\/pages\/6277\/revisions"}],"predecessor-version":[{"id":42722,"href":"https:\/\/www.calvados-boulard.com\/ru\/wp-json\/wp\/v2\/pages\/6277\/revisions\/42722"}],"wp:featuredmedia":[{"embeddable":true,"href":"https:\/\/www.calvados-boulard.com\/ru\/wp-json\/wp\/v2\/media\/3394"}],"wp:attachment":[{"href":"https:\/\/www.calvados-boulard.com\/ru\/wp-json\/wp\/v2\/media?parent=6277"}],"curies":[{"name":"wp","href":"https:\/\/api.w.org\/{rel}","templated":true}]}}